{"id":1681,"date":"2025-11-06T10:23:06","date_gmt":"2025-11-06T13:23:06","guid":{"rendered":"https:\/\/hotelsalta.com\/web\/?page_id=1681"},"modified":"2025-11-06T10:23:11","modified_gmt":"2025-11-06T13:23:11","slug":"boton-de-arrepentimiento","status":"publish","type":"page","link":"https:\/\/hotelsalta.com\/web\/boton-de-arrepentimiento\/","title":{"rendered":"Bot\u00f3n de Arrepentimiento"},"content":{"rendered":"<p>[et_pb_section fb_built=\u00bb1&#8243; custom_padding_last_edited=\u00bbon|phone\u00bb disabled_on=\u00bbon|off|off\u00bb _builder_version=\u00bb4.24.3&#8243; _module_preset=\u00bbdefault\u00bb background_enable_color=\u00bboff\u00bb use_background_color_gradient=\u00bbon\u00bb background_color_gradient_direction=\u00bb270deg\u00bb background_color_gradient_stops=\u00bb#d2ecb4 40%|rgba(41,196,169,0) 40%\u00bb background_color_gradient_overlays_image=\u00bbon\u00bb background_color_gradient_start=\u00bb#d2ecb4&#8243; background_color_gradient_start_position=\u00bb40%\u00bb background_color_gradient_end=\u00bbrgba(41,196,169,0)\u00bb background_color_gradient_end_position=\u00bb40%\u00bb background_image=\u00bbhttps:\/\/hotelsalta.com\/web\/wp-content\/uploads\/2025\/06\/hotel_salta.jpg\u00bb custom_padding=\u00bb15%||0px||false|false\u00bb custom_padding_tablet=\u00bb50%||||false|false\u00bb custom_padding_phone=\u00bb||0px||false|false\u00bb background_last_edited=\u00bbon|tablet\u00bb use_background_color_gradient_tablet=\u00bboff\u00bb global_colors_info=\u00bb{}\u00bb theme_builder_area=\u00bbpost_content\u00bb][et_pb_row column_structure=\u00bb1_2,1_2&#8243; use_custom_gutter=\u00bbon\u00bb _builder_version=\u00bb4.24.3&#8243; _module_preset=\u00bbdefault\u00bb width=\u00bb100%\u00bb max_width=\u00bb100%\u00bb custom_padding=\u00bb||0px||false|false\u00bb custom_css_main_element=\u00bbdisplay:flex;||align-items:center;\u00bb global_colors_info=\u00bb{}\u00bb theme_builder_area=\u00bbpost_content\u00bb][et_pb_column type=\u00bb1_2&#8243; _builder_version=\u00bb4.16&#8243; _module_preset=\u00bbdefault\u00bb background_enable_color=\u00bboff\u00bb global_colors_info=\u00bb{}\u00bb theme_builder_area=\u00bbpost_content\u00bb][\/et_pb_column][et_pb_column type=\u00bb1_2&#8243; _builder_version=\u00bb4.16&#8243; _module_preset=\u00bbdefault\u00bb background_color=\u00bb#2f4b26&#8243; custom_padding=\u00bb50px|50px|50px|50px|true|true\u00bb custom_padding_tablet=\u00bb\u00bb custom_padding_phone=\u00bb20px|20px|20px|20px|true|true\u00bb custom_padding_last_edited=\u00bbon|phone\u00bb global_colors_info=\u00bb{}\u00bb theme_builder_area=\u00bbpost_content\u00bb][dipl_double_color_heading heading_pre_part=\u00bbBOT\u00d3N DE ARREPENTIMIENTO\u00bb heading_main_part=\u00bbBAJA DE SERVICIO\u00bb display_in_stack=\u00bbon\u00bb _builder_version=\u00bb4.24.3&#8243; _module_preset=\u00bbdefault\u00bb pre_header_font=\u00bb||||||||\u00bb pre_header_text_color=\u00bb#FFFFFF\u00bb pre_header_font_size=\u00bb30px\u00bb main_header_text_color=\u00bb#FFFFFF\u00bb main_header_font_size=\u00bb30px\u00bb post_header_font=\u00bbRoboto||||||||\u00bb post_header_text_color=\u00bb#FFFFFF\u00bb custom_padding=\u00bb||0px||false|false\u00bb hover_enabled=\u00bb0&#8243; pre_header_font_size_tablet=\u00bb20px\u00bb pre_header_font_size_phone=\u00bb25px\u00bb pre_header_font_size_last_edited=\u00bbon|tablet\u00bb main_header_font_size_tablet=\u00bb20px\u00bb main_header_font_size_phone=\u00bb25px\u00bb main_header_font_size_last_edited=\u00bbon|phone\u00bb global_colors_info=\u00bb{}\u00bb theme_builder_area=\u00bbpost_content\u00bb sticky_enabled=\u00bb0&#8243;][\/dipl_double_color_heading][et_pb_text _builder_version=\u00bb4.24.3&#8243; _module_preset=\u00bbdefault\u00bb text_font=\u00bbRoboto|300|||||||\u00bb text_text_color=\u00bb#FFFFFF\u00bb text_font_size=\u00bb21px\u00bb hover_enabled=\u00bb0&#8243; global_colors_info=\u00bb{}\u00bb theme_builder_area=\u00bbpost_content\u00bb sticky_enabled=\u00bb0&#8243;]En cumplimiento a la Disposici\u00f3n N.\u00ba 954\/2025 de la Subsecretar\u00eda de Defensa del Consumidor y Lealtad Comercial, se le informa que cuenta con un plazo de 10 d\u00edas naturales para poder cancelar sin cargos a partir del d\u00eda de confirmaci\u00f3n de la reserva y hasta 24 horas antes del inicio de la estad\u00eda.[\/et_pb_text][\/et_pb_column][\/et_pb_row][\/et_pb_section][et_pb_section fb_built=\u00bb1&#8243; disabled_on=\u00bboff|on|on\u00bb _builder_version=\u00bb4.24.3&#8243; _module_preset=\u00bbdefault\u00bb background_color=\u00bb#2f4b26&#8243; custom_padding=\u00bb12px||24px|||\u00bb global_colors_info=\u00bb{}\u00bb theme_builder_area=\u00bbpost_content\u00bb][et_pb_row _builder_version=\u00bb4.24.3&#8243; _module_preset=\u00bbdefault\u00bb width=\u00bb95%\u00bb global_colors_info=\u00bb{}\u00bb theme_builder_area=\u00bbpost_content\u00bb][et_pb_column type=\u00bb4_4&#8243; _builder_version=\u00bb4.24.3&#8243; _module_preset=\u00bbdefault\u00bb global_colors_info=\u00bb{}\u00bb theme_builder_area=\u00bbpost_content\u00bb][et_pb_image src=\u00bbhttps:\/\/hotelsalta.com\/web\/wp-content\/uploads\/2025\/06\/hotel_salta.jpg\u00bb title_text=\u00bbhotel_salta\u00bb _builder_version=\u00bb4.24.3&#8243; _module_preset=\u00bbdefault\u00bb global_colors_info=\u00bb{}\u00bb theme_builder_area=\u00bbpost_content\u00bb][\/et_pb_image][\/et_pb_column][\/et_pb_row][et_pb_row _builder_version=\u00bb4.24.3&#8243; _module_preset=\u00bbdefault\u00bb width=\u00bb90%\u00bb custom_padding=\u00bb0px|21px||21px|false|true\u00bb global_colors_info=\u00bb{}\u00bb theme_builder_area=\u00bbpost_content\u00bb][et_pb_column type=\u00bb4_4&#8243; _builder_version=\u00bb4.24.3&#8243; _module_preset=\u00bbdefault\u00bb global_colors_info=\u00bb{}\u00bb theme_builder_area=\u00bbpost_content\u00bb][dipl_double_color_heading heading_pre_part=\u00bbBOT\u00d3N DE ARREPENTIMIENTO\u00bb heading_main_part=\u00bbBAJA DE SERVICIO\u00bb display_in_stack=\u00bbon\u00bb _builder_version=\u00bb4.24.3&#8243; _module_preset=\u00bbdefault\u00bb pre_header_font=\u00bb||||||||\u00bb pre_header_text_color=\u00bb#FFFFFF\u00bb pre_header_font_size=\u00bb30px\u00bb main_header_text_color=\u00bb#FFFFFF\u00bb main_header_font_size=\u00bb30px\u00bb post_header_font=\u00bbRoboto||||||||\u00bb post_header_text_color=\u00bb#FFFFFF\u00bb custom_padding=\u00bb||0px||false|false\u00bb hover_enabled=\u00bb0&#8243; pre_header_font_size_tablet=\u00bb20px\u00bb pre_header_font_size_phone=\u00bb25px\u00bb pre_header_font_size_last_edited=\u00bbon|tablet\u00bb main_header_font_size_tablet=\u00bb20px\u00bb main_header_font_size_phone=\u00bb25px\u00bb main_header_font_size_last_edited=\u00bbon|phone\u00bb global_colors_info=\u00bb{}\u00bb theme_builder_area=\u00bbpost_content\u00bb sticky_enabled=\u00bb0&#8243;][\/dipl_double_color_heading][et_pb_text _builder_version=\u00bb4.24.3&#8243; _module_preset=\u00bbdefault\u00bb text_font=\u00bbRoboto|300|||||||\u00bb text_text_color=\u00bb#FFFFFF\u00bb text_font_size=\u00bb21px\u00bb hover_enabled=\u00bb0&#8243; global_colors_info=\u00bb{}\u00bb theme_builder_area=\u00bbpost_content\u00bb sticky_enabled=\u00bb0&#8243;]En cumplimiento a la Disposici\u00f3n N.\u00ba 954\/2025 de la Subsecretar\u00eda de Defensa del Consumidor y Lealtad Comercial, se le informa que cuenta con un plazo de 10 d\u00edas naturales para poder cancelar sin cargos a partir del d\u00eda de confirmaci\u00f3n de la reserva y hasta 24 horas antes del inicio de la estad\u00eda.[\/et_pb_text][\/et_pb_column][\/et_pb_row][\/et_pb_section]<\/p>\n","protected":false},"excerpt":{"rendered":"<p><div class=\"et_pb_module dipl_double_color_heading dipl_double_color_heading_0 \">\n\t\t\t\t\n\t\t\t\t\n\t\t\t\t\n\t\t\t\t\n\t\t\t\t\n\t\t\t\t\n\t\t\t\t<div class=\"et_pb_module_inner\">\n\t\t\t\t\t<div class=\"dipl_text_wrapper\"><h2><span class=\"dipl_text_stack dipl_pre_text_stack\"><span class=\"dipl_pre_text\">BOT\u00d3N DE ARREPENTIMIENTO<\/span><\/span><span class=\"dipl_text_stack dipl_main_text_stack\"><span class=\"dipl_main_text\">BAJA DE SERVICIO<\/span><\/span><\/h2><\/div>\n\t\t\t\t<\/div>\n\t\t\t<\/div>En cumplimiento a la Disposici\u00f3n N.\u00ba 954\/2025 de la Subsecretar\u00eda de Defensa del Consumidor y Lealtad Comercial, se le informa que cuenta con un plazo de 10 d\u00edas naturales para poder cancelar sin cargos a partir del d\u00eda de confirmaci\u00f3n de la reserva y hasta 24 horas antes del inicio de la estad\u00eda.<div class=\"et_pb_module dipl_double_color_heading dipl_double_color_heading_1 \">\n\t\t\t\t\n\t\t\t\t\n\t\t\t\t\n\t\t\t\t\n\t\t\t\t\n\t\t\t\t\n\t\t\t\t<div class=\"et_pb_module_inner\">\n\t\t\t\t\t<div class=\"dipl_text_wrapper\"><h2><span class=\"dipl_text_stack dipl_pre_text_stack\"><span class=\"dipl_pre_text\">BOT\u00d3N DE ARREPENTIMIENTO<\/span><\/span><span class=\"dipl_text_stack dipl_main_text_stack\"><span class=\"dipl_main_text\">BAJA DE SERVICIO<\/span><\/span><\/h2><\/div>\n\t\t\t\t<\/div>\n\t\t\t<\/div>En cumplimiento a la Disposici\u00f3n N.\u00ba 954\/2025 de la Subsecretar\u00eda de Defensa del Consumidor y Lealtad Comercial, se le informa que cuenta con un plazo de 10 d\u00edas naturales para poder cancelar sin cargos a partir del d\u00eda de confirmaci\u00f3n de la reserva y hasta 24 horas antes del inicio de la estad\u00eda.<\/p>\n","protected":false},"author":2,"featured_media":0,"parent":0,"menu_order":0,"comment_status":"closed","ping_status":"closed","template":"","meta":{"_et_pb_use_builder":"on","_et_pb_old_content":"","_et_gb_content_width":"","footnotes":""},"_links":{"self":[{"href":"https:\/\/hotelsalta.com\/web\/wp-json\/wp\/v2\/pages\/1681"}],"collection":[{"href":"https:\/\/hotelsalta.com\/web\/wp-json\/wp\/v2\/pages"}],"about":[{"href":"https:\/\/hotelsalta.com\/web\/wp-json\/wp\/v2\/types\/page"}],"author":[{"embeddable":true,"href":"https:\/\/hotelsalta.com\/web\/wp-json\/wp\/v2\/users\/2"}],"replies":[{"embeddable":true,"href":"https:\/\/hotelsalta.com\/web\/wp-json\/wp\/v2\/comments?post=1681"}],"version-history":[{"count":2,"href":"https:\/\/hotelsalta.com\/web\/wp-json\/wp\/v2\/pages\/1681\/revisions"}],"predecessor-version":[{"id":1685,"href":"https:\/\/hotelsalta.com\/web\/wp-json\/wp\/v2\/pages\/1681\/revisions\/1685"}],"wp:attachment":[{"href":"https:\/\/hotelsalta.com\/web\/wp-json\/wp\/v2\/media?parent=1681"}],"curies":[{"name":"wp","href":"https:\/\/api.w.org\/{rel}","templated":true}]}}