{"id":1495,"date":"2025-06-24T11:19:08","date_gmt":"2025-06-24T14:19:08","guid":{"rendered":"https:\/\/hotelsalta.com\/web\/?page_id=1495"},"modified":"2025-11-06T10:16:48","modified_gmt":"2025-11-06T13:16:48","slug":"politicas","status":"publish","type":"page","link":"https:\/\/hotelsalta.com\/web\/politicas\/","title":{"rendered":"Pol\u00edticas"},"content":{"rendered":"<p>[et_pb_section fb_built=\u00bb1&#8243; custom_padding_last_edited=\u00bbon|phone\u00bb disabled_on=\u00bbon|off|off\u00bb _builder_version=\u00bb4.24.3&#8243; _module_preset=\u00bbdefault\u00bb background_enable_color=\u00bboff\u00bb use_background_color_gradient=\u00bbon\u00bb background_color_gradient_direction=\u00bb270deg\u00bb background_color_gradient_stops=\u00bb#d2ecb4 40%|rgba(41,196,169,0) 40%\u00bb background_color_gradient_overlays_image=\u00bbon\u00bb background_color_gradient_start=\u00bb#d2ecb4&#8243; background_color_gradient_start_position=\u00bb40%\u00bb background_color_gradient_end=\u00bbrgba(41,196,169,0)\u00bb background_color_gradient_end_position=\u00bb40%\u00bb background_image=\u00bbhttps:\/\/hotelsalta.com\/web\/wp-content\/uploads\/2025\/06\/hotel_salta.jpg\u00bb custom_padding=\u00bb15%||0px||false|false\u00bb custom_padding_tablet=\u00bb50%||||false|false\u00bb custom_padding_phone=\u00bb||0px||false|false\u00bb background_last_edited=\u00bbon|tablet\u00bb use_background_color_gradient_tablet=\u00bboff\u00bb global_colors_info=\u00bb{}\u00bb][et_pb_row column_structure=\u00bb1_2,1_2&#8243; use_custom_gutter=\u00bbon\u00bb _builder_version=\u00bb4.24.3&#8243; _module_preset=\u00bbdefault\u00bb width=\u00bb100%\u00bb max_width=\u00bb100%\u00bb custom_padding=\u00bb||0px||false|false\u00bb custom_css_main_element=\u00bbdisplay:flex;||align-items:center;\u00bb global_colors_info=\u00bb{}\u00bb][et_pb_column type=\u00bb1_2&#8243; _builder_version=\u00bb4.16&#8243; _module_preset=\u00bbdefault\u00bb background_enable_color=\u00bboff\u00bb global_colors_info=\u00bb{}\u00bb][\/et_pb_column][et_pb_column type=\u00bb1_2&#8243; _builder_version=\u00bb4.16&#8243; _module_preset=\u00bbdefault\u00bb background_color=\u00bb#2f4b26&#8243; custom_padding=\u00bb50px|50px|50px|50px|true|true\u00bb custom_padding_tablet=\u00bb\u00bb custom_padding_phone=\u00bb20px|20px|20px|20px|true|true\u00bb custom_padding_last_edited=\u00bbon|phone\u00bb global_colors_info=\u00bb{}\u00bb][dipl_double_color_heading heading_pre_part=\u00bbPOL\u00cdTICA DE GESTI\u00d3N\u00bb heading_main_part=\u00bbSUSTENTABLE Y DE CALIDAD\u00bb display_in_stack=\u00bbon\u00bb _builder_version=\u00bb4.24.3&#8243; _module_preset=\u00bbdefault\u00bb pre_header_font=\u00bb||||||||\u00bb pre_header_text_color=\u00bb#FFFFFF\u00bb pre_header_font_size=\u00bb30px\u00bb main_header_text_color=\u00bb#FFFFFF\u00bb main_header_font_size=\u00bb30px\u00bb post_header_font=\u00bbRoboto||||||||\u00bb post_header_text_color=\u00bb#FFFFFF\u00bb custom_padding=\u00bb||0px||false|false\u00bb pre_header_font_size_tablet=\u00bb20px\u00bb pre_header_font_size_phone=\u00bb25px\u00bb pre_header_font_size_last_edited=\u00bbon|tablet\u00bb main_header_font_size_tablet=\u00bb20px\u00bb main_header_font_size_phone=\u00bb25px\u00bb main_header_font_size_last_edited=\u00bbon|phone\u00bb global_colors_info=\u00bb{}\u00bb][\/dipl_double_color_heading][et_pb_text _builder_version=\u00bb4.24.3&#8243; _module_preset=\u00bbdefault\u00bb text_font=\u00bbRoboto|300|||||||\u00bb text_text_color=\u00bb#FFFFFF\u00bb text_font_size=\u00bb21px\u00bb global_colors_info=\u00bb{}\u00bb]<\/p>\n<p>Esta Pol\u00edtica conforma la base de nuestro Sistema de Gesti\u00f3n Sustentable y de Calidad, actualmente implantado en\u00a0<strong>HOTEL SALTA<\/strong>\u00a0y es responsabilidad de esta Direcci\u00f3n y de todo el equipo colaborador de la empresa, el correcto cumplimiento de los principios expuestos y de su implementaci\u00f3n, para lo cual nos comprometemos firmemente a proporcionar todos los recursos necesarios a tal fin.<\/p>\n<p>[\/et_pb_text][\/et_pb_column][\/et_pb_row][\/et_pb_section][et_pb_section fb_built=\u00bb1&#8243; disabled_on=\u00bboff|on|on\u00bb _builder_version=\u00bb4.24.3&#8243; _module_preset=\u00bbdefault\u00bb background_color=\u00bb#2f4b26&#8243; custom_padding=\u00bb12px||24px|||\u00bb global_colors_info=\u00bb{}\u00bb][et_pb_row _builder_version=\u00bb4.24.3&#8243; _module_preset=\u00bbdefault\u00bb width=\u00bb95%\u00bb global_colors_info=\u00bb{}\u00bb][et_pb_column type=\u00bb4_4&#8243; _builder_version=\u00bb4.24.3&#8243; _module_preset=\u00bbdefault\u00bb global_colors_info=\u00bb{}\u00bb][et_pb_image src=\u00bbhttps:\/\/hotelsalta.com\/web\/wp-content\/uploads\/2025\/06\/hotel_salta.jpg\u00bb title_text=\u00bbhotel_salta\u00bb _builder_version=\u00bb4.24.3&#8243; _module_preset=\u00bbdefault\u00bb global_colors_info=\u00bb{}\u00bb][\/et_pb_image][\/et_pb_column][\/et_pb_row][et_pb_row _builder_version=\u00bb4.24.3&#8243; _module_preset=\u00bbdefault\u00bb width=\u00bb90%\u00bb custom_padding=\u00bb0px|21px||21px|false|true\u00bb global_colors_info=\u00bb{}\u00bb][et_pb_column type=\u00bb4_4&#8243; _builder_version=\u00bb4.24.3&#8243; _module_preset=\u00bbdefault\u00bb global_colors_info=\u00bb{}\u00bb][dipl_double_color_heading heading_pre_part=\u00bbPOL\u00cdTICA DE GESTI\u00d3N\u00bb heading_main_part=\u00bbSUSTENTABLE Y DE CALIDAD\u00bb display_in_stack=\u00bbon\u00bb _builder_version=\u00bb4.24.3&#8243; _module_preset=\u00bbdefault\u00bb pre_header_font=\u00bb||||||||\u00bb pre_header_text_color=\u00bb#FFFFFF\u00bb pre_header_font_size=\u00bb30px\u00bb main_header_text_color=\u00bb#FFFFFF\u00bb main_header_font_size=\u00bb30px\u00bb post_header_font=\u00bbRoboto||||||||\u00bb post_header_text_color=\u00bb#FFFFFF\u00bb custom_padding=\u00bb||0px||false|false\u00bb pre_header_font_size_tablet=\u00bb20px\u00bb pre_header_font_size_phone=\u00bb25px\u00bb pre_header_font_size_last_edited=\u00bbon|tablet\u00bb main_header_font_size_tablet=\u00bb20px\u00bb main_header_font_size_phone=\u00bb25px\u00bb main_header_font_size_last_edited=\u00bbon|phone\u00bb global_colors_info=\u00bb{}\u00bb][\/dipl_double_color_heading][et_pb_text _builder_version=\u00bb4.24.3&#8243; _module_preset=\u00bbdefault\u00bb text_font=\u00bbRoboto|300|||||||\u00bb text_text_color=\u00bb#FFFFFF\u00bb text_font_size=\u00bb21px\u00bb global_colors_info=\u00bb{}\u00bb]<\/p>\n<p>Esta Pol\u00edtica conforma la base de nuestro Sistema de Gesti\u00f3n Sustentable y de Calidad, actualmente implantado en\u00a0<strong>HOTEL SALTA<\/strong>\u00a0y es responsabilidad de esta Direcci\u00f3n y de todo el equipo colaborador de la empresa, el correcto cumplimiento de los principios expuestos y de su implementaci\u00f3n, para lo cual nos comprometemos firmemente a proporcionar todos los recursos necesarios a tal fin.<\/p>\n<p>[\/et_pb_text][\/et_pb_column][\/et_pb_row][\/et_pb_section][et_pb_section fb_built=\u00bb1&#8243; _builder_version=\u00bb4.24.3&#8243; _module_preset=\u00bbdefault\u00bb custom_padding=\u00bb||39px|||\u00bb global_colors_info=\u00bb{}\u00bb][et_pb_row column_structure=\u00bb1_2,1_2&#8243; _builder_version=\u00bb4.24.3&#8243; _module_preset=\u00bbdefault\u00bb global_colors_info=\u00bb{}\u00bb][et_pb_column type=\u00bb1_2&#8243; _builder_version=\u00bb4.24.3&#8243; _module_preset=\u00bbdefault\u00bb global_colors_info=\u00bb{}\u00bb][et_pb_blurb title=\u00bbLos principios de EXCELENCIA que rigen esta gesti\u00f3n son:\u00bb image=\u00bbhttps:\/\/hotelsalta.com\/web\/wp-content\/uploads\/2024\/04\/logo_politica_verde.png\u00bb _builder_version=\u00bb4.24.3&#8243; _module_preset=\u00bbdefault\u00bb header_font_size=\u00bb24px\u00bb global_colors_info=\u00bb{}\u00bb]<\/p>\n<p>&nbsp;<\/p>\n<ul>\n<li>Garantizar la mejora continua de nuestro desempe\u00f1o, haciendo part\u00edcipes a nuestros colaboradores a trav\u00e9s de acciones de formaci\u00f3n y trabajo en equipo.<\/li>\n<li>Asegurar la satisfacci\u00f3n de nuestros clientes y dem\u00e1s parte interesadas, ofreciendo para ello un trato cordial y personalizado.<\/li>\n<li>Crear una consciencia ambiental con el equipo de trabajo y la sociedad<\/li>\n<li>Mantener y mejorar nuestro nivel de competitividad.<\/li>\n<\/ul>\n<p>[\/et_pb_blurb][\/et_pb_column][et_pb_column type=\u00bb1_2&#8243; _builder_version=\u00bb4.24.3&#8243; _module_preset=\u00bbdefault\u00bb global_colors_info=\u00bb{}\u00bb][et_pb_blurb title=\u00bbPara ello, el equipo del HOTEL SALTA se compromete a:\u00bb image=\u00bbhttps:\/\/hotelsalta.com\/web\/wp-content\/uploads\/2024\/04\/HOYEL-SALTA_LOGO-SUSTENTABLE.png\u00bb _builder_version=\u00bb4.24.3&#8243; _module_preset=\u00bbdefault\u00bb header_font_size=\u00bb24px\u00bb global_colors_info=\u00bb{}\u00bb]<\/p>\n<p>&nbsp;<\/p>\n<ul>\n<li>Cumplir con los principios del turismo sustentable.<\/li>\n<li>Cumplir con los requisitos legales y otros requisitos voluntarios aplicables.<\/li>\n<li>Proteger el medio ambiente reduciendo los impactos ambientales derivados de nuestra actividad, aplicando acciones orientadas a reducir la contaminaci\u00f3n, mejorar la ecoeficiencia y el uso responsable de los recursos.<\/li>\n<li>Promover el fortalecimiento y la adopci\u00f3n de buenas pr\u00e1cticas de gesti\u00f3n sustentable.<\/li>\n<li>Mejorar continuamente el sistema de gesti\u00f3n sustentable y de calidad.<\/li>\n<\/ul>\n<p>[\/et_pb_blurb][\/et_pb_column][\/et_pb_row][\/et_pb_section][et_pb_section fb_built=\u00bb1&#8243; _builder_version=\u00bb4.24.3&#8243; _module_preset=\u00bbdefault\u00bb background_color=\u00bb#f7f5f2&#8243; custom_padding=\u00bb||39px|||\u00bb global_colors_info=\u00bb{}\u00bb][et_pb_row column_structure=\u00bb1_4,1_2,1_4&#8243; _builder_version=\u00bb4.24.3&#8243; _module_preset=\u00bbdefault\u00bb global_colors_info=\u00bb{}\u00bb][et_pb_column type=\u00bb1_4&#8243; _builder_version=\u00bb4.24.3&#8243; _module_preset=\u00bbdefault\u00bb global_colors_info=\u00bb{}\u00bb][et_pb_blurb image=\u00bbhttps:\/\/hotelsalta.com\/web\/wp-content\/uploads\/2025\/06\/L_01.png\u00bb _builder_version=\u00bb4.24.3&#8243; _module_preset=\u00bbdefault\u00bb header_font_size=\u00bb24px\u00bb global_colors_info=\u00bb{}\u00bb][\/et_pb_blurb][\/et_pb_column][et_pb_column type=\u00bb1_2&#8243; _builder_version=\u00bb4.24.3&#8243; _module_preset=\u00bbdefault\u00bb global_colors_info=\u00bb{}\u00bb][et_pb_text _builder_version=\u00bb4.24.3&#8243; _module_preset=\u00bbdefault\u00bb global_colors_info=\u00bb{}\u00bb]<\/p>\n<h1>Pol\u00edtica de Accesibilidad<\/h1>\n<p>[\/et_pb_text][et_pb_text _builder_version=\u00bb4.24.3&#8243; _module_preset=\u00bbdefault\u00bb global_colors_info=\u00bb{}\u00bb]<\/p>\n<p>En el Hotel Salta, asumimos el compromiso de garantizar la accesibilidad a todas las personas, promoviendo entornos, servicios y comunicaciones que respeten los principios del dise\u00f1o universal, sin discriminaci\u00f3n y con igualdad.<\/p>\n<p>Nuestra organizaci\u00f3n ha implementado un sistema de mejora continua en materia de accesibilidad, conforme a las Directrices de Accesibilidad para Espacios y Servicios Tur\u00edsticos dependientes del SACT (Sistema Argentino de Calidad Tur\u00edstica) con el objetivo de brindar una experiencia tur\u00edstica segura, aut\u00f3noma y confortable para todas las personas.<\/p>\n<p>Este compromiso se expresa en las siguientes acciones:<br \/>\u2022 Adecuaci\u00f3n progresiva de nuestras instalaciones f\u00edsicas para garantizar el libre acceso, circulaci\u00f3n y uso seguro de todos los espacios.<br \/>\u2022 Capacitaci\u00f3n continua del personal en atenci\u00f3n accesible, lenguaje inclusivo y trato adecuado.<br \/>\u2022 Incorporaci\u00f3n de se\u00f1al\u00e9tica accesible, sistemas de informaci\u00f3n multiformato y recursos tecnol\u00f3gicos que favorezcan la autonom\u00eda.<br \/>\u2022 Comunicaci\u00f3n clara, accesible y disponible en m\u00faltiples formatos y canales.<br \/>\u2022 Mecanismos de consulta y participaci\u00f3n de las personas usuarias y visitantes en temas de accesibilidad.<br \/>\u2022 Cumplimiento de la normativa vigente y de los est\u00e1ndares definidos en el marco de la certificaci\u00f3n en Directrices de Accesibilidad.<\/p>\n<p>Esta pol\u00edtica ser\u00e1 revisada peri\u00f3dicamente y comunicada a todo el personal y a las partes interesadas pertinentes, promoviendo una cultura organizacional inclusiva y responsable.<\/p>\n<p>Direcci\u00f3n General<\/p>\n<p>[\/et_pb_text][\/et_pb_column][et_pb_column type=\u00bb1_4&#8243; _builder_version=\u00bb4.24.3&#8243; _module_preset=\u00bbdefault\u00bb global_colors_info=\u00bb{}\u00bb][et_pb_blurb image=\u00bbhttps:\/\/hotelsalta.com\/web\/wp-content\/uploads\/2025\/06\/L_02.png\u00bb _builder_version=\u00bb4.24.3&#8243; _module_preset=\u00bbdefault\u00bb header_font_size=\u00bb24px\u00bb global_colors_info=\u00bb{}\u00bb][\/et_pb_blurb][\/et_pb_column][\/et_pb_row][\/et_pb_section]<\/p>\n","protected":false},"excerpt":{"rendered":"<p><div class=\"et_pb_module dipl_double_color_heading dipl_double_color_heading_0 \">\n\t\t\t\t\n\t\t\t\t\n\t\t\t\t\n\t\t\t\t\n\t\t\t\t\n\t\t\t\t\n\t\t\t\t<div class=\"et_pb_module_inner\">\n\t\t\t\t\t<div class=\"dipl_text_wrapper\"><h2><span class=\"dipl_text_stack dipl_pre_text_stack\"><span class=\"dipl_pre_text\">POL\u00cdTICA DE GESTI\u00d3N<\/span><\/span><span class=\"dipl_text_stack dipl_main_text_stack\"><span class=\"dipl_main_text\">SUSTENTABLE Y DE CALIDAD<\/span><\/span><\/h2><\/div>\n\t\t\t\t<\/div>\n\t\t\t<\/div>Esta Pol\u00edtica conforma la base de nuestro Sistema de Gesti\u00f3n Sustentable y de Calidad, actualmente implantado en\u00a0HOTEL SALTA\u00a0y es responsabilidad de esta Direcci\u00f3n y de todo el equipo colaborador de la empresa, el correcto cumplimiento de los principios expuestos y de su implementaci\u00f3n, para lo cual nos comprometemos firmemente a proporcionar todos los recursos necesarios a tal fin.<div class=\"et_pb_module dipl_double_color_heading dipl_double_color_heading_1 \">\n\t\t\t\t\n\t\t\t\t\n\t\t\t\t\n\t\t\t\t\n\t\t\t\t\n\t\t\t\t\n\t\t\t\t<div class=\"et_pb_module_inner\">\n\t\t\t\t\t<div class=\"dipl_text_wrapper\"><h2><span class=\"dipl_text_stack dipl_pre_text_stack\"><span class=\"dipl_pre_text\">POL\u00cdTICA DE GESTI\u00d3N<\/span><\/span><span class=\"dipl_text_stack dipl_main_text_stack\"><span class=\"dipl_main_text\">SUSTENTABLE Y DE CALIDAD<\/span><\/span><\/h2><\/div>\n\t\t\t\t<\/div>\n\t\t\t<\/div>Esta Pol\u00edtica conforma la base de nuestro Sistema de Gesti\u00f3n Sustentable y de Calidad, actualmente implantado en\u00a0HOTEL SALTA\u00a0y es responsabilidad de esta Direcci\u00f3n y de todo el equipo colaborador de la empresa, el correcto cumplimiento de los principios expuestos y de su implementaci\u00f3n, para lo cual nos comprometemos firmemente a proporcionar todos los recursos necesarios a tal fin.&nbsp; Garantizar la mejora continua de nuestro desempe\u00f1o, haciendo part\u00edcipes a nuestros colaboradores a trav\u00e9s de acciones de formaci\u00f3n y trabajo en equipo. Asegurar la satisfacci\u00f3n de nuestros clientes y dem\u00e1s parte interesadas, ofreciendo para ello [&hellip;]<\/p>\n","protected":false},"author":2,"featured_media":0,"parent":0,"menu_order":0,"comment_status":"closed","ping_status":"closed","template":"","meta":{"_et_pb_use_builder":"on","_et_pb_old_content":"","_et_gb_content_width":"","footnotes":""},"_links":{"self":[{"href":"https:\/\/hotelsalta.com\/web\/wp-json\/wp\/v2\/pages\/1495"}],"collection":[{"href":"https:\/\/hotelsalta.com\/web\/wp-json\/wp\/v2\/pages"}],"about":[{"href":"https:\/\/hotelsalta.com\/web\/wp-json\/wp\/v2\/types\/page"}],"author":[{"embeddable":true,"href":"https:\/\/hotelsalta.com\/web\/wp-json\/wp\/v2\/users\/2"}],"replies":[{"embeddable":true,"href":"https:\/\/hotelsalta.com\/web\/wp-json\/wp\/v2\/comments?post=1495"}],"version-history":[{"count":19,"href":"https:\/\/hotelsalta.com\/web\/wp-json\/wp\/v2\/pages\/1495\/revisions"}],"predecessor-version":[{"id":1680,"href":"https:\/\/hotelsalta.com\/web\/wp-json\/wp\/v2\/pages\/1495\/revisions\/1680"}],"wp:attachment":[{"href":"https:\/\/hotelsalta.com\/web\/wp-json\/wp\/v2\/media?parent=1495"}],"curies":[{"name":"wp","href":"https:\/\/api.w.org\/{rel}","templated":true}]}}