{"id":1412,"date":"2025-06-23T11:46:44","date_gmt":"2025-06-23T14:46:44","guid":{"rendered":"https:\/\/hotelsalta.com\/web\/?page_id=1412"},"modified":"2025-06-24T17:07:15","modified_gmt":"2025-06-24T20:07:15","slug":"eventos","status":"publish","type":"page","link":"https:\/\/hotelsalta.com\/web\/eventos\/","title":{"rendered":"Eventos"},"content":{"rendered":"<p>[et_pb_section fb_built=\u00bb1&#8243; disabled_on=\u00bboff|off|off\u00bb _builder_version=\u00bb4.27.4&#8243; custom_padding=\u00bb0px||0px||false|false\u00bb collapsed=\u00bboff\u00bb global_colors_info=\u00bb{}\u00bb][et_pb_row _builder_version=\u00bb4.27.4&#8243; _module_preset=\u00bbdefault\u00bb width=\u00bb100%\u00bb max_width=\u00bb2560px\u00bb custom_padding=\u00bb14px||8px|||\u00bb global_colors_info=\u00bb{}\u00bb][et_pb_column type=\u00bb4_4&#8243; _builder_version=\u00bb4.27.4&#8243; _module_preset=\u00bbdefault\u00bb global_colors_info=\u00bb{}\u00bb][dipl_logo_slider logo_per_slide=\u00bb5&#8243; space_between_slides=\u00bb10px\u00bb slider_loop=\u00bbon\u00bb show_arrow=\u00bboff\u00bb show_control_dot=\u00bboff\u00bb slide_image_width=\u00bb500px\u00bb logo_per_slide_tablet=\u00bb3&#8243; logo_per_slide_phone=\u00bb1&#8243; _builder_version=\u00bb4.24.3&#8243; _module_preset=\u00bbdefault\u00bb width=\u00bb100%\u00bb global_colors_info=\u00bb{}\u00bb][dipl_logo_slider_item upload_logo_image=\u00bbhttps:\/\/hotelsalta.com\/web\/wp-content\/uploads\/2025\/06\/Evento_06.jpg\u00bb _builder_version=\u00bb4.24.3&#8243; _module_preset=\u00bbdefault\u00bb global_colors_info=\u00bb{}\u00bb][\/dipl_logo_slider_item][dipl_logo_slider_item upload_logo_image=\u00bbhttps:\/\/hotelsalta.com\/web\/wp-content\/uploads\/2025\/06\/Evento_05.jpg\u00bb _builder_version=\u00bb4.24.3&#8243; _module_preset=\u00bbdefault\u00bb global_colors_info=\u00bb{}\u00bb][\/dipl_logo_slider_item][dipl_logo_slider_item upload_logo_image=\u00bbhttps:\/\/hotelsalta.com\/web\/wp-content\/uploads\/2025\/06\/Evento_04.jpg\u00bb _builder_version=\u00bb4.24.3&#8243; _module_preset=\u00bbdefault\u00bb global_colors_info=\u00bb{}\u00bb][\/dipl_logo_slider_item][dipl_logo_slider_item upload_logo_image=\u00bbhttps:\/\/hotelsalta.com\/web\/wp-content\/uploads\/2025\/06\/Evento_03.jpg\u00bb _builder_version=\u00bb4.24.3&#8243; _module_preset=\u00bbdefault\u00bb global_colors_info=\u00bb{}\u00bb][\/dipl_logo_slider_item][dipl_logo_slider_item upload_logo_image=\u00bbhttps:\/\/hotelsalta.com\/web\/wp-content\/uploads\/2025\/06\/Evento_02.jpg\u00bb _builder_version=\u00bb4.24.3&#8243; _module_preset=\u00bbdefault\u00bb global_colors_info=\u00bb{}\u00bb][\/dipl_logo_slider_item][dipl_logo_slider_item upload_logo_image=\u00bbhttps:\/\/hotelsalta.com\/web\/wp-content\/uploads\/2025\/06\/Evento_01.jpg\u00bb _builder_version=\u00bb4.24.3&#8243; _module_preset=\u00bbdefault\u00bb global_colors_info=\u00bb{}\u00bb][\/dipl_logo_slider_item][\/dipl_logo_slider][\/et_pb_column][\/et_pb_row][\/et_pb_section][et_pb_section fb_built=\u00bb1&#8243; _builder_version=\u00bb4.27.4&#8243; _module_preset=\u00bbdefault\u00bb background_color=\u00bbrgba(242,237,233,0.58)\u00bb custom_margin=\u00bb||||false|false\u00bb custom_padding=\u00bb54px||54px||true|false\u00bb global_colors_info=\u00bb{}\u00bb][et_pb_row _builder_version=\u00bb4.24.3&#8243; _module_preset=\u00bbdefault\u00bb custom_padding=\u00bb||1px|||\u00bb global_colors_info=\u00bb{}\u00bb][et_pb_column type=\u00bb4_4&#8243; _builder_version=\u00bb4.24.3&#8243; _module_preset=\u00bbdefault\u00bb global_colors_info=\u00bb{}\u00bb][et_pb_text _builder_version=\u00bb4.24.3&#8243; _module_preset=\u00bbdefault\u00bb header_2_font=\u00bbRoboto||||||||\u00bb header_2_text_color=\u00bb#575757&#8243; header_2_font_size=\u00bb18px\u00bb header_2_line_height=\u00bb1.4em\u00bb background_enable_color=\u00bboff\u00bb custom_margin=\u00bb|-10px||-10px|false|true\u00bb custom_margin_tablet=\u00bb|-10px||-10px|false|true\u00bb custom_margin_phone=\u00bb|-10px||-10px|false|true\u00bb custom_margin_last_edited=\u00bbon|phone\u00bb custom_padding=\u00bb|0px||0px|false|false\u00bb hover_enabled=\u00bb0&#8243; global_colors_info=\u00bb{}\u00bb sticky_enabled=\u00bb0&#8243;]<\/p>\n<p><span class=\"\">Hotel Salta<\/span><\/p>\n<h1 class=\"\">Eventos<\/h1>\n<p>Ofrecemos soluciones integrales para eventos particulares y corporativos, combinando la excelencia gastron\u00f3mica con un espacio vers\u00e1til y una ubicaci\u00f3n estrat\u00e9gica en pleno centro de la ciudad de Salta.<\/p>\n<p>[\/et_pb_text][\/et_pb_column][\/et_pb_row][et_pb_row column_structure=\u00bb3_4,1_4&#8243; use_custom_gutter=\u00bbon\u00bb gutter_width=\u00bb1&#8243; make_equal=\u00bbon\u00bb custom_padding_last_edited=\u00bbon|phone\u00bb _builder_version=\u00bb4.24.3&#8243; _module_preset=\u00bbdefault\u00bb background_enable_image=\u00bboff\u00bb width=\u00bb90%\u00bb custom_padding=\u00bb34px||34px||true|\u00bb custom_padding_tablet=\u00bb81px||81px||true|\u00bb custom_padding_phone=\u00bb22px||22px||true|false\u00bb global_colors_info=\u00bb{}\u00bb][et_pb_column type=\u00bb3_4&#8243; _builder_version=\u00bb4.17.6&#8243; _module_preset=\u00bbdefault\u00bb background_color=\u00bb#FFFFFF\u00bb custom_padding=\u00bb45px|32px|45px|33px|true|true\u00bb border_radii=\u00bbon|6px|6px|6px|6px\u00bb global_colors_info=\u00bb{}\u00bb][et_pb_text _builder_version=\u00bb4.24.3&#8243; _module_preset=\u00bbdefault\u00bb header_font_size=\u00bb28px\u00bb header_2_font=\u00bbRoboto||||||||\u00bb header_2_text_color=\u00bb#575757&#8243; header_2_font_size=\u00bb18px\u00bb header_2_line_height=\u00bb1.4em\u00bb background_color=\u00bb#FFFFFF\u00bb custom_margin=\u00bb|-10px||-10px|false|true\u00bb custom_margin_tablet=\u00bb|-10px||-10px|false|true\u00bb custom_margin_phone=\u00bb|-10px||-10px|false|true\u00bb custom_margin_last_edited=\u00bbon|phone\u00bb custom_padding=\u00bb|0px||0px|false|false\u00bb global_colors_info=\u00bb{}\u00bb]<\/p>\n<h3>Almuerzos y Cenas Ejecutivas.<\/h3>\n<p>\u2022 Men\u00fas dise\u00f1ados seg\u00fan las necesidades de su empresa.<br \/>\u2022 Opciones gastron\u00f3micas variadas y de alta calidad.<br \/>\u2022 Atenci\u00f3n personalizada y profesional.<br \/>\u2022 Espacio privado y confortable.<\/p>\n<h3>Coffee breaks y Capacitaciones<\/h3>\n<p>\u2022 Pasteler\u00eda artesanal elaborada en nuestra cocina.<br \/>\u2022 Opciones saludables y tradicionales.<br \/>\u2022 Servicio continuo durante todo el evento.<br \/>\u2022 Equipamiento audiovisual disponible.<\/p>\n<h3>Conferencias y Presentaciones<\/h3>\n<p>\u2022 Espacios adaptables seg\u00fan la cantidad de asistentes.<br \/>\u2022 Ubicaci\u00f3n c\u00e9ntrica y de f\u00e1cil acceso.<br \/>\u2022 Ambiente profesional y elegante.<br \/>\u2022 Servicio gastron\u00f3mico complementario.<\/p>\n<p>[\/et_pb_text][\/et_pb_column][et_pb_column type=\u00bb1_4&#8243; _builder_version=\u00bb4.17.6&#8243; _module_preset=\u00bbdefault\u00bb background_enable_image=\u00bboff\u00bb global_colors_info=\u00bb{}\u00bb][et_pb_video src=\u00bbhttps:\/\/hotelsalta.com\/videos\/C.mp4&#8243; image_src=\u00bbhttps:\/\/hotelsalta.com\/web\/wp-content\/uploads\/2025\/06\/Evento_03.jpg\u00bb _builder_version=\u00bb4.24.3&#8243; _module_preset=\u00bbdefault\u00bb global_colors_info=\u00bb{}\u00bb][\/et_pb_video][\/et_pb_column][\/et_pb_row][et_pb_row column_structure=\u00bb3_4,1_4&#8243; use_custom_gutter=\u00bbon\u00bb gutter_width=\u00bb1&#8243; make_equal=\u00bbon\u00bb custom_padding_last_edited=\u00bbon|phone\u00bb _builder_version=\u00bb4.24.3&#8243; _module_preset=\u00bbdefault\u00bb background_enable_image=\u00bboff\u00bb width=\u00bb90%\u00bb custom_padding=\u00bb0px||0px||true|\u00bb custom_padding_tablet=\u00bb81px||81px||true|\u00bb custom_padding_phone=\u00bb22px||22px||true|false\u00bb global_colors_info=\u00bb{}\u00bb][et_pb_column type=\u00bb3_4&#8243; _builder_version=\u00bb4.17.6&#8243; _module_preset=\u00bbdefault\u00bb background_color=\u00bb#FFFFFF\u00bb custom_padding=\u00bb45px|32px|45px|33px|true|true\u00bb border_radii=\u00bbon|6px|6px|6px|6px\u00bb global_colors_info=\u00bb{}\u00bb][et_pb_text _builder_version=\u00bb4.24.3&#8243; _module_preset=\u00bbdefault\u00bb header_font_size=\u00bb28px\u00bb header_2_font=\u00bbRoboto||||||||\u00bb header_2_text_color=\u00bb#575757&#8243; header_2_font_size=\u00bb18px\u00bb header_2_line_height=\u00bb1.4em\u00bb background_color=\u00bb#FFFFFF\u00bb custom_margin=\u00bb|-10px||-10px|false|true\u00bb custom_margin_tablet=\u00bb|-10px||-10px|false|true\u00bb custom_margin_phone=\u00bb|-10px||-10px|false|true\u00bb custom_margin_last_edited=\u00bbon|phone\u00bb custom_padding=\u00bb|0px||0px|false|false\u00bb global_colors_info=\u00bb{}\u00bb]<\/p>\n<h3>\u00bfPor qu\u00e9 elegirnos?<\/h3>\n<p>Ubicaci\u00f3n privilegiada: En el emblem\u00e1tico Hotel Salta.<\/p>\n<p>Horario extendido: de 08:00 a 00:00 hs.<\/p>\n<p>Gastronom\u00eda propia: pasteler\u00eda y men\u00fas elaborados en nuestra cocina.<\/p>\n<p>Experiencia: trayectoria en la organizaci\u00f3n de eventos particulares y corporativos.<\/p>\n<p>Versatilidad: adaptamos nuestros servicios a sus necesidades espec\u00edficas.[\/et_pb_text][et_pb_button button_url=\u00bbhttps:\/\/hotelsalta.com\/web\/contacto\/\u00bb button_text=\u00bbCONSULTAS\u00bb _builder_version=\u00bb4.24.3&#8243; _module_preset=\u00bbdefault\u00bb custom_margin=\u00bb26px|||-13px|false|false\u00bb custom_padding=\u00bb||||false|false\u00bb global_colors_info=\u00bb{}\u00bb][\/et_pb_button][\/et_pb_column][et_pb_column type=\u00bb1_4&#8243; _builder_version=\u00bb4.17.6&#8243; _module_preset=\u00bbdefault\u00bb background_enable_image=\u00bboff\u00bb global_colors_info=\u00bb{}\u00bb][et_pb_video src=\u00bbhttps:\/\/hotelsalta.com\/videos\/A.mp4&#8243; image_src=\u00bbhttps:\/\/hotelsalta.com\/web\/wp-content\/uploads\/2025\/06\/Evento_05.jpg\u00bb _builder_version=\u00bb4.24.3&#8243; _module_preset=\u00bbdefault\u00bb global_colors_info=\u00bb{}\u00bb][\/et_pb_video][\/et_pb_column][\/et_pb_row][\/et_pb_section]<\/p>\n","protected":false},"excerpt":{"rendered":"<p><div class=\"et_pb_module dipl_logo_slider dipl_logo_slider_0\">\n\t\t\t\t\n\t\t\t\t\n\t\t\t\t\n\t\t\t\t\n\t\t\t\t\n\t\t\t\t\n\t\t\t\t<div class=\"et_pb_module_inner\">\n\t\t\t\t\t<div class=\"dipl_swiper_wrapper\"><div class=\"dipl_logo_slider_wrapper dipl_swiper_inner_wrap dipl_slide_center\"><div class=\"swiper-container\"><div class=\"swiper-wrapper\"><div class=\"et_pb_module dipl_logo_slider_item dipl_logo_slider_item_0 swiper-slide\">\n\t\t\t\t\n\t\t\t\t\n\t\t\t\t\n\t\t\t\t\n\t\t\t\t\n\t\t\t\t\n\t\t\t\t<div class=\"et_pb_module_inner\">\n\t\t\t\t\t<div class=\"dipl_logo_wrapper\"><img decoding=\"async\" class=\"dipl_logo_image no-lazyload skip-lazy\" src=\"https:\/\/hotelsalta.com\/web\/wp-content\/uploads\/2025\/06\/Evento_06.jpg\" alt=\"\"\/><\/div>\n\t\t\t\t<\/div>\n\t\t\t<\/div><div class=\"et_pb_module dipl_logo_slider_item dipl_logo_slider_item_1 swiper-slide\">\n\t\t\t\t\n\t\t\t\t\n\t\t\t\t\n\t\t\t\t\n\t\t\t\t\n\t\t\t\t\n\t\t\t\t<div class=\"et_pb_module_inner\">\n\t\t\t\t\t<div class=\"dipl_logo_wrapper\"><img decoding=\"async\" class=\"dipl_logo_image no-lazyload skip-lazy\" src=\"https:\/\/hotelsalta.com\/web\/wp-content\/uploads\/2025\/06\/Evento_05.jpg\" alt=\"\"\/><\/div>\n\t\t\t\t<\/div>\n\t\t\t<\/div><div class=\"et_pb_module dipl_logo_slider_item dipl_logo_slider_item_2 swiper-slide\">\n\t\t\t\t\n\t\t\t\t\n\t\t\t\t\n\t\t\t\t\n\t\t\t\t\n\t\t\t\t\n\t\t\t\t<div class=\"et_pb_module_inner\">\n\t\t\t\t\t<div class=\"dipl_logo_wrapper\"><img decoding=\"async\" class=\"dipl_logo_image no-lazyload skip-lazy\" src=\"https:\/\/hotelsalta.com\/web\/wp-content\/uploads\/2025\/06\/Evento_04.jpg\" alt=\"\"\/><\/div>\n\t\t\t\t<\/div>\n\t\t\t<\/div><div class=\"et_pb_module dipl_logo_slider_item dipl_logo_slider_item_3 swiper-slide\">\n\t\t\t\t\n\t\t\t\t\n\t\t\t\t\n\t\t\t\t\n\t\t\t\t\n\t\t\t\t\n\t\t\t\t<div class=\"et_pb_module_inner\">\n\t\t\t\t\t<div class=\"dipl_logo_wrapper\"><img decoding=\"async\" class=\"dipl_logo_image no-lazyload skip-lazy\" src=\"https:\/\/hotelsalta.com\/web\/wp-content\/uploads\/2025\/06\/Evento_03.jpg\" alt=\"\"\/><\/div>\n\t\t\t\t<\/div>\n\t\t\t<\/div><div class=\"et_pb_module dipl_logo_slider_item dipl_logo_slider_item_4 swiper-slide\">\n\t\t\t\t\n\t\t\t\t\n\t\t\t\t\n\t\t\t\t\n\t\t\t\t\n\t\t\t\t\n\t\t\t\t<div class=\"et_pb_module_inner\">\n\t\t\t\t\t<div class=\"dipl_logo_wrapper\"><img decoding=\"async\" class=\"dipl_logo_image no-lazyload skip-lazy\" src=\"https:\/\/hotelsalta.com\/web\/wp-content\/uploads\/2025\/06\/Evento_02.jpg\" alt=\"\"\/><\/div>\n\t\t\t\t<\/div>\n\t\t\t<\/div><div class=\"et_pb_module dipl_logo_slider_item dipl_logo_slider_item_5 swiper-slide\">\n\t\t\t\t\n\t\t\t\t\n\t\t\t\t\n\t\t\t\t\n\t\t\t\t\n\t\t\t\t\n\t\t\t\t<div class=\"et_pb_module_inner\">\n\t\t\t\t\t<div class=\"dipl_logo_wrapper\"><img decoding=\"async\" class=\"dipl_logo_image no-lazyload skip-lazy\" src=\"https:\/\/hotelsalta.com\/web\/wp-content\/uploads\/2025\/06\/Evento_01.jpg\" alt=\"\"\/><\/div>\n\t\t\t\t<\/div>\n\t\t\t<\/div><\/div> <!-- swiper-wrapper --><\/div> <!-- swiper-container --><\/div> <!-- dipl_logo_slider_wrapper --><\/div> <!--- dipl_swiper_wrapper --><script>jQuery(function($) {var dipl_logo_slider_0_swiper = new Swiper('.dipl_logo_slider_0 .swiper-container', {\n                            slidesPerView: 5,\n                            slidesPerGroup: 1,\n                            slidesPerGroupSkip: 4,\n                            autoplay: {\n                                delay:3000,\n                                disableOnInteraction: true,\n                            },\n                            spaceBetween: 10,\n                            speed: 1000,\n                            loop: true,\n                            pagination: false,\n                            navigation: false,\n                            grabCursor: 'true',\n                            observer: true,\n\t\t\t\t\t\t\tobserveParents: true,\n                            breakpoints: {\n                            \t981: {\n\t\t                          \tslidesPerView: 5,\n\t\t                          \tspaceBetween: 10,\n                            \t\tslidesPerGroup: 1,\n                            \t\tslidesPerGroupSkip: 4,\n\t\t                        },\n\t\t                        768: {\n\t\t                          \tslidesPerView: 3,\n\t\t                          \tspaceBetween: 10,\n\t\t                          \tslidesPerGroup: 1,\n                            \t\tslidesPerGroupSkip: 2,\n\t\t                        },\n\t\t                        0: {\n\t\t                          \tslidesPerView: 1,\n\t\t                          \tspaceBetween: 10,\n\t\t                          \tslidesPerGroup: 1,\n                            \t\tslidesPerGroupSkip: 0,\n\t\t                        }\n\t\t                    },\n                    });$(\".dipl_logo_slider_0 .swiper-container\").on(\"mouseenter\", function(e) {\n\t\t\t\t\t\t\tif ( typeof dipl_logo_slider_0_swiper.autoplay.stop === \"function\" ) {\n\t\t\t\t\t\t\t\tdipl_logo_slider_0_swiper.autoplay.stop();\n\t\t\t\t\t\t\t}\n                        });$(\".dipl_logo_slider_0 .swiper-container\").on(\"mouseleave\", function(e) {\n        \t\t\t\t\tif ( typeof dipl_logo_slider_0_swiper.autoplay.start === \"function\" ) {\n                            \tdipl_logo_slider_0_swiper.autoplay.start();\n                            }\n                        });});<\/script>\n\t\t\t\t<\/div>\n\t\t\t<\/div>Hotel Salta Eventos Ofrecemos soluciones integrales para eventos particulares y corporativos, combinando la excelencia gastron\u00f3mica con un espacio vers\u00e1til y una ubicaci\u00f3n estrat\u00e9gica en pleno centro de la ciudad de Salta.Almuerzos y Cenas Ejecutivas. \u2022 Men\u00fas dise\u00f1ados seg\u00fan las necesidades de su empresa.\u2022 Opciones gastron\u00f3micas variadas y de alta calidad.\u2022 Atenci\u00f3n personalizada y profesional.\u2022 Espacio privado y confortable. Coffee breaks y Capacitaciones \u2022 Pasteler\u00eda artesanal elaborada en nuestra cocina.\u2022 Opciones saludables y tradicionales.\u2022 Servicio continuo durante todo el evento.\u2022 Equipamiento audiovisual disponible. Conferencias y Presentaciones \u2022 Espacios adaptables seg\u00fan la cantidad de asistentes.\u2022 Ubicaci\u00f3n c\u00e9ntrica y de f\u00e1cil acceso.\u2022 Ambiente profesional y elegante.\u2022 Servicio gastron\u00f3mico complementario.\u00bfPor qu\u00e9 elegirnos? Ubicaci\u00f3n privilegiada: En el emblem\u00e1tico Hotel Salta. Horario extendido: de 08:00 a 00:00 hs. Gastronom\u00eda propia: pasteler\u00eda y men\u00fas elaborados en nuestra cocina. Experiencia: trayectoria en la organizaci\u00f3n de eventos particulares y corporativos. Versatilidad: adaptamos nuestros servicios a sus necesidades espec\u00edficas.<\/p>\n","protected":false},"author":2,"featured_media":0,"parent":0,"menu_order":0,"comment_status":"closed","ping_status":"closed","template":"","meta":{"_et_pb_use_builder":"on","_et_pb_old_content":"","_et_gb_content_width":"","footnotes":""},"_links":{"self":[{"href":"https:\/\/hotelsalta.com\/web\/wp-json\/wp\/v2\/pages\/1412"}],"collection":[{"href":"https:\/\/hotelsalta.com\/web\/wp-json\/wp\/v2\/pages"}],"about":[{"href":"https:\/\/hotelsalta.com\/web\/wp-json\/wp\/v2\/types\/page"}],"author":[{"embeddable":true,"href":"https:\/\/hotelsalta.com\/web\/wp-json\/wp\/v2\/users\/2"}],"replies":[{"embeddable":true,"href":"https:\/\/hotelsalta.com\/web\/wp-json\/wp\/v2\/comments?post=1412"}],"version-history":[{"count":11,"href":"https:\/\/hotelsalta.com\/web\/wp-json\/wp\/v2\/pages\/1412\/revisions"}],"predecessor-version":[{"id":1524,"href":"https:\/\/hotelsalta.com\/web\/wp-json\/wp\/v2\/pages\/1412\/revisions\/1524"}],"wp:attachment":[{"href":"https:\/\/hotelsalta.com\/web\/wp-json\/wp\/v2\/media?parent=1412"}],"curies":[{"name":"wp","href":"https:\/\/api.w.org\/{rel}","templated":true}]}}