{"id":1409,"date":"2025-06-23T11:46:08","date_gmt":"2025-06-23T14:46:08","guid":{"rendered":"https:\/\/hotelsalta.com\/web\/?page_id=1409"},"modified":"2025-06-25T11:01:22","modified_gmt":"2025-06-25T14:01:22","slug":"restobar","status":"publish","type":"page","link":"https:\/\/hotelsalta.com\/web\/restobar\/","title":{"rendered":"Restobar"},"content":{"rendered":"<p>[et_pb_section fb_built=\u00bb1&#8243; disabled_on=\u00bboff|off|off\u00bb _builder_version=\u00bb4.27.4&#8243; custom_padding=\u00bb0px||0px||false|false\u00bb collapsed=\u00bboff\u00bb global_colors_info=\u00bb{}\u00bb][et_pb_row _builder_version=\u00bb4.27.4&#8243; _module_preset=\u00bbdefault\u00bb width=\u00bb100%\u00bb max_width=\u00bb2560px\u00bb custom_padding=\u00bb14px||8px|||\u00bb global_colors_info=\u00bb{}\u00bb][et_pb_column type=\u00bb4_4&#8243; _builder_version=\u00bb4.27.4&#8243; _module_preset=\u00bbdefault\u00bb global_colors_info=\u00bb{}\u00bb][dipl_logo_slider logo_per_slide=\u00bb5&#8243; space_between_slides=\u00bb10px\u00bb slider_loop=\u00bbon\u00bb show_arrow=\u00bboff\u00bb show_control_dot=\u00bboff\u00bb slide_image_width=\u00bb500px\u00bb logo_per_slide_tablet=\u00bb3&#8243; logo_per_slide_phone=\u00bb1&#8243; _builder_version=\u00bb4.24.3&#8243; _module_preset=\u00bbdefault\u00bb width=\u00bb100%\u00bb global_colors_info=\u00bb{}\u00bb][dipl_logo_slider_item upload_logo_image=\u00bbhttps:\/\/hotelsalta.com\/web\/wp-content\/uploads\/2025\/06\/HS_05.jpg\u00bb _builder_version=\u00bb4.24.3&#8243; _module_preset=\u00bbdefault\u00bb global_colors_info=\u00bb{}\u00bb][\/dipl_logo_slider_item][dipl_logo_slider_item upload_logo_image=\u00bbhttps:\/\/hotelsalta.com\/web\/wp-content\/uploads\/2025\/06\/HS_04.jpg\u00bb _builder_version=\u00bb4.24.3&#8243; _module_preset=\u00bbdefault\u00bb global_colors_info=\u00bb{}\u00bb][\/dipl_logo_slider_item][dipl_logo_slider_item upload_logo_image=\u00bbhttps:\/\/hotelsalta.com\/web\/wp-content\/uploads\/2025\/06\/HS_03.jpg\u00bb _builder_version=\u00bb4.24.3&#8243; _module_preset=\u00bbdefault\u00bb global_colors_info=\u00bb{}\u00bb][\/dipl_logo_slider_item][dipl_logo_slider_item upload_logo_image=\u00bbhttps:\/\/hotelsalta.com\/web\/wp-content\/uploads\/2025\/06\/HS_02.jpg\u00bb _builder_version=\u00bb4.24.3&#8243; _module_preset=\u00bbdefault\u00bb global_colors_info=\u00bb{}\u00bb][\/dipl_logo_slider_item][dipl_logo_slider_item upload_logo_image=\u00bbhttps:\/\/hotelsalta.com\/web\/wp-content\/uploads\/2025\/06\/HS_01.jpg\u00bb _builder_version=\u00bb4.24.3&#8243; _module_preset=\u00bbdefault\u00bb global_colors_info=\u00bb{}\u00bb][\/dipl_logo_slider_item][dipl_logo_slider_item upload_logo_image=\u00bbhttps:\/\/hotelsalta.com\/web\/wp-content\/uploads\/2025\/06\/HS_06.jpg\u00bb _builder_version=\u00bb4.24.3&#8243; _module_preset=\u00bbdefault\u00bb global_colors_info=\u00bb{}\u00bb][\/dipl_logo_slider_item][\/dipl_logo_slider][\/et_pb_column][\/et_pb_row][\/et_pb_section][et_pb_section fb_built=\u00bb1&#8243; _builder_version=\u00bb4.27.4&#8243; _module_preset=\u00bbdefault\u00bb background_color=\u00bbrgba(242,237,233,0.58)\u00bb custom_margin=\u00bb||||false|false\u00bb custom_padding=\u00bb0px||0px||true|false\u00bb global_colors_info=\u00bb{}\u00bb][et_pb_row column_structure=\u00bb3_4,1_4&#8243; use_custom_gutter=\u00bbon\u00bb gutter_width=\u00bb1&#8243; make_equal=\u00bbon\u00bb custom_padding_last_edited=\u00bbon|phone\u00bb _builder_version=\u00bb4.24.3&#8243; _module_preset=\u00bbdefault\u00bb background_enable_image=\u00bboff\u00bb width=\u00bb90%\u00bb custom_padding=\u00bb62px||62px||true|\u00bb custom_padding_tablet=\u00bb81px||81px||true|\u00bb custom_padding_phone=\u00bb22px||22px||true|false\u00bb global_colors_info=\u00bb{}\u00bb][et_pb_column type=\u00bb3_4&#8243; _builder_version=\u00bb4.17.6&#8243; _module_preset=\u00bbdefault\u00bb background_color=\u00bb#FFFFFF\u00bb custom_padding=\u00bb45px|32px|45px|33px|true|true\u00bb border_radii=\u00bbon|6px|6px|6px|6px\u00bb global_colors_info=\u00bb{}\u00bb][et_pb_text _builder_version=\u00bb4.24.3&#8243; _module_preset=\u00bbdefault\u00bb header_2_font=\u00bbRoboto||||||||\u00bb header_2_text_color=\u00bb#575757&#8243; header_2_font_size=\u00bb18px\u00bb header_2_line_height=\u00bb1.4em\u00bb background_color=\u00bb#FFFFFF\u00bb custom_margin=\u00bb|-10px||-10px|false|true\u00bb custom_margin_tablet=\u00bb|-10px||-10px|false|true\u00bb custom_margin_phone=\u00bb|-10px||-10px|false|true\u00bb custom_margin_last_edited=\u00bbon|phone\u00bb custom_padding=\u00bb|0px||0px|false|false\u00bb global_colors_info=\u00bb{}\u00bb]<\/p>\n<p><span class=\"\">Hotel Salta<\/span><\/p>\n<h1 class=\"\">Restobar<\/h1>\n<p>Restobar La Esquina de Salta es un espacio gastron\u00f3mico de referencia ubicado en uno de los edificios m\u00e1s emblem\u00e1ticos de la ciudad.<\/p>\n<p>Nos especializamos en brindar experiencias memorables a trav\u00e9s de nuestra gastronom\u00eda de autor y un servicio personalizado de primer nivel.<\/p>\n<p>&nbsp;<\/p>\n<h1 class=\"\">Nuestros Servicios<\/h1>\n<h3 class=\"\">Confiter\u00eda<\/h3>\n<p>Abierta al p\u00fablico en general a partir de las 09:00 a.m. hasta las 23:30 p.m. En la carta encontrar\u00e1n variedades de s\u00e1ndwiches fr\u00edos y calientes, grillados simples con guarniciones cl\u00e1sicas, platos regionales, milanesas, empanadas, pizzas y platos elaborados, postres cl\u00e1sicos, y una amplia carta de cafeter\u00eda con panificados dulces y salados caseros.<\/p>\n<p>[\/et_pb_text][\/et_pb_column][et_pb_column type=\u00bb1_4&#8243; _builder_version=\u00bb4.17.6&#8243; _module_preset=\u00bbdefault\u00bb background_enable_image=\u00bboff\u00bb global_colors_info=\u00bb{}\u00bb][et_pb_video src=\u00bbhttps:\/\/hotelsalta.com\/videos\/B.mp4&#8243; image_src=\u00bbhttps:\/\/hotelsalta.com\/web\/wp-content\/uploads\/2025\/06\/HS_03.jpg\u00bb _builder_version=\u00bb4.24.3&#8243; _module_preset=\u00bbdefault\u00bb global_colors_info=\u00bb{}\u00bb][\/et_pb_video][\/et_pb_column][\/et_pb_row][\/et_pb_section][et_pb_section fb_built=\u00bb1&#8243; _builder_version=\u00bb4.27.4&#8243; _module_preset=\u00bbdefault\u00bb background_color=\u00bbrgba(242,237,233,0.58)\u00bb custom_margin=\u00bb||||false|false\u00bb custom_padding=\u00bb0px||0px||true|false\u00bb global_colors_info=\u00bb{}\u00bb][et_pb_row column_structure=\u00bb3_4,1_4&#8243; use_custom_gutter=\u00bbon\u00bb gutter_width=\u00bb1&#8243; make_equal=\u00bbon\u00bb custom_padding_last_edited=\u00bbon|phone\u00bb _builder_version=\u00bb4.24.3&#8243; _module_preset=\u00bbdefault\u00bb background_enable_image=\u00bboff\u00bb width=\u00bb90%\u00bb custom_padding=\u00bb62px||62px||true|\u00bb custom_padding_tablet=\u00bb81px||81px||true|\u00bb custom_padding_phone=\u00bb22px||22px||true|false\u00bb global_colors_info=\u00bb{}\u00bb][et_pb_column type=\u00bb3_4&#8243; _builder_version=\u00bb4.17.6&#8243; _module_preset=\u00bbdefault\u00bb background_color=\u00bb#FFFFFF\u00bb custom_padding=\u00bb45px|32px|45px|33px|true|true\u00bb border_radii=\u00bbon|6px|6px|6px|6px\u00bb global_colors_info=\u00bb{}\u00bb][et_pb_text _builder_version=\u00bb4.24.3&#8243; _module_preset=\u00bbdefault\u00bb header_2_font=\u00bbRoboto||||||||\u00bb header_2_text_color=\u00bb#575757&#8243; header_2_font_size=\u00bb18px\u00bb header_2_line_height=\u00bb1.4em\u00bb background_color=\u00bb#FFFFFF\u00bb custom_margin=\u00bb|-10px||-10px|false|true\u00bb custom_margin_tablet=\u00bb|-10px||-10px|false|true\u00bb custom_margin_phone=\u00bb|-10px||-10px|false|true\u00bb custom_margin_last_edited=\u00bbon|phone\u00bb custom_padding=\u00bb|0px||0px|false|false\u00bb hover_enabled=\u00bb0&#8243; global_colors_info=\u00bb{}\u00bb sticky_enabled=\u00bb0&#8243;]<\/p>\n<p><span class=\"\"><\/span><\/p>\n<p><span class=\"\"><\/span><\/p>\n<p><span class=\"\">Hotel Salta<\/span><\/p>\n<h1 class=\"\">Restaurante<\/h1>\n<p>Abierto todos los d\u00edas a partir de las 11:30 a.m. hasta las 15:00 p.m. \u2013 19:00 p.m. hasta las 23:30 p.m.<\/p>\n<p>Abierto al p\u00fablico en general. En la carta encontrar\u00e1n una amplia variedad entradas fr\u00edas y calientes, principales y postres de autor.<\/p>\n<p>Una carta con los mejores vinos salte\u00f1os y de la regi\u00f3n del cuyo. Todos los d\u00edas un men\u00fa corporativo compuesto de entrada, principal, bebida sin alcohol a elecci\u00f3n y caf\u00e9 a elecci\u00f3n.\u00a0<\/p>\n<p>&nbsp;<\/p>\n<p>[\/et_pb_text][et_pb_button button_url=\u00bbhttps:\/\/hotelsalta.com\/web\/contacto\/\u00bb button_text=\u00bbCONSULTAS\u00bb _builder_version=\u00bb4.24.3&#8243; _module_preset=\u00bbdefault\u00bb custom_margin=\u00bb26px|||-13px|false|false\u00bb custom_padding=\u00bb||||false|false\u00bb global_colors_info=\u00bb{}\u00bb][\/et_pb_button][\/et_pb_column][et_pb_column type=\u00bb1_4&#8243; _builder_version=\u00bb4.17.6&#8243; _module_preset=\u00bbdefault\u00bb background_enable_image=\u00bboff\u00bb global_colors_info=\u00bb{}\u00bb][et_pb_video src=\u00bbhttps:\/\/hotelsalta.com\/videos\/D.mp4&#8243; image_src=\u00bbhttps:\/\/hotelsalta.com\/web\/wp-content\/uploads\/2025\/06\/HS_02.jpg\u00bb _builder_version=\u00bb4.24.3&#8243; _module_preset=\u00bbdefault\u00bb hover_enabled=\u00bb0&#8243; global_colors_info=\u00bb{}\u00bb title_text=\u00bbHS_02&#8243; sticky_enabled=\u00bb0&#8243;][\/et_pb_video][\/et_pb_column][\/et_pb_row][\/et_pb_section]<\/p>\n","protected":false},"excerpt":{"rendered":"<p><div class=\"et_pb_module dipl_logo_slider dipl_logo_slider_0\">\n\t\t\t\t\n\t\t\t\t\n\t\t\t\t\n\t\t\t\t\n\t\t\t\t\n\t\t\t\t\n\t\t\t\t<div class=\"et_pb_module_inner\">\n\t\t\t\t\t<div class=\"dipl_swiper_wrapper\"><div class=\"dipl_logo_slider_wrapper dipl_swiper_inner_wrap dipl_slide_center\"><div class=\"swiper-container\"><div class=\"swiper-wrapper\"><div class=\"et_pb_module dipl_logo_slider_item dipl_logo_slider_item_0 swiper-slide\">\n\t\t\t\t\n\t\t\t\t\n\t\t\t\t\n\t\t\t\t\n\t\t\t\t\n\t\t\t\t\n\t\t\t\t<div class=\"et_pb_module_inner\">\n\t\t\t\t\t<div class=\"dipl_logo_wrapper\"><img decoding=\"async\" class=\"dipl_logo_image no-lazyload skip-lazy\" src=\"https:\/\/hotelsalta.com\/web\/wp-content\/uploads\/2025\/06\/HS_05.jpg\" alt=\"\"\/><\/div>\n\t\t\t\t<\/div>\n\t\t\t<\/div><div class=\"et_pb_module dipl_logo_slider_item dipl_logo_slider_item_1 swiper-slide\">\n\t\t\t\t\n\t\t\t\t\n\t\t\t\t\n\t\t\t\t\n\t\t\t\t\n\t\t\t\t\n\t\t\t\t<div class=\"et_pb_module_inner\">\n\t\t\t\t\t<div class=\"dipl_logo_wrapper\"><img decoding=\"async\" class=\"dipl_logo_image no-lazyload skip-lazy\" src=\"https:\/\/hotelsalta.com\/web\/wp-content\/uploads\/2025\/06\/HS_04.jpg\" alt=\"\"\/><\/div>\n\t\t\t\t<\/div>\n\t\t\t<\/div><div class=\"et_pb_module dipl_logo_slider_item dipl_logo_slider_item_2 swiper-slide\">\n\t\t\t\t\n\t\t\t\t\n\t\t\t\t\n\t\t\t\t\n\t\t\t\t\n\t\t\t\t\n\t\t\t\t<div class=\"et_pb_module_inner\">\n\t\t\t\t\t<div class=\"dipl_logo_wrapper\"><img decoding=\"async\" class=\"dipl_logo_image no-lazyload skip-lazy\" src=\"https:\/\/hotelsalta.com\/web\/wp-content\/uploads\/2025\/06\/HS_03.jpg\" alt=\"\"\/><\/div>\n\t\t\t\t<\/div>\n\t\t\t<\/div><div class=\"et_pb_module dipl_logo_slider_item dipl_logo_slider_item_3 swiper-slide\">\n\t\t\t\t\n\t\t\t\t\n\t\t\t\t\n\t\t\t\t\n\t\t\t\t\n\t\t\t\t\n\t\t\t\t<div class=\"et_pb_module_inner\">\n\t\t\t\t\t<div class=\"dipl_logo_wrapper\"><img decoding=\"async\" class=\"dipl_logo_image no-lazyload skip-lazy\" src=\"https:\/\/hotelsalta.com\/web\/wp-content\/uploads\/2025\/06\/HS_02.jpg\" alt=\"\"\/><\/div>\n\t\t\t\t<\/div>\n\t\t\t<\/div><div class=\"et_pb_module dipl_logo_slider_item dipl_logo_slider_item_4 swiper-slide\">\n\t\t\t\t\n\t\t\t\t\n\t\t\t\t\n\t\t\t\t\n\t\t\t\t\n\t\t\t\t\n\t\t\t\t<div class=\"et_pb_module_inner\">\n\t\t\t\t\t<div class=\"dipl_logo_wrapper\"><img decoding=\"async\" class=\"dipl_logo_image no-lazyload skip-lazy\" src=\"https:\/\/hotelsalta.com\/web\/wp-content\/uploads\/2025\/06\/HS_01.jpg\" alt=\"\"\/><\/div>\n\t\t\t\t<\/div>\n\t\t\t<\/div><div class=\"et_pb_module dipl_logo_slider_item dipl_logo_slider_item_5 swiper-slide\">\n\t\t\t\t\n\t\t\t\t\n\t\t\t\t\n\t\t\t\t\n\t\t\t\t\n\t\t\t\t\n\t\t\t\t<div class=\"et_pb_module_inner\">\n\t\t\t\t\t<div class=\"dipl_logo_wrapper\"><img decoding=\"async\" class=\"dipl_logo_image no-lazyload skip-lazy\" src=\"https:\/\/hotelsalta.com\/web\/wp-content\/uploads\/2025\/06\/HS_06.jpg\" alt=\"\"\/><\/div>\n\t\t\t\t<\/div>\n\t\t\t<\/div><\/div> <!-- swiper-wrapper --><\/div> <!-- swiper-container --><\/div> <!-- dipl_logo_slider_wrapper --><\/div> <!--- dipl_swiper_wrapper --><script>jQuery(function($) {var dipl_logo_slider_0_swiper = new Swiper('.dipl_logo_slider_0 .swiper-container', {\n                            slidesPerView: 5,\n                            slidesPerGroup: 1,\n                            slidesPerGroupSkip: 4,\n                            autoplay: {\n                                delay:3000,\n                                disableOnInteraction: true,\n                            },\n                            spaceBetween: 10,\n                            speed: 1000,\n                            loop: true,\n                            pagination: false,\n                            navigation: false,\n                            grabCursor: 'true',\n                            observer: true,\n\t\t\t\t\t\t\tobserveParents: true,\n                            breakpoints: {\n                            \t981: {\n\t\t                          \tslidesPerView: 5,\n\t\t                          \tspaceBetween: 10,\n                            \t\tslidesPerGroup: 1,\n                            \t\tslidesPerGroupSkip: 4,\n\t\t                        },\n\t\t                        768: {\n\t\t                          \tslidesPerView: 3,\n\t\t                          \tspaceBetween: 10,\n\t\t                          \tslidesPerGroup: 1,\n                            \t\tslidesPerGroupSkip: 2,\n\t\t                        },\n\t\t                        0: {\n\t\t                          \tslidesPerView: 1,\n\t\t                          \tspaceBetween: 10,\n\t\t                          \tslidesPerGroup: 1,\n                            \t\tslidesPerGroupSkip: 0,\n\t\t                        }\n\t\t                    },\n                    });$(\".dipl_logo_slider_0 .swiper-container\").on(\"mouseenter\", function(e) {\n\t\t\t\t\t\t\tif ( typeof dipl_logo_slider_0_swiper.autoplay.stop === \"function\" ) {\n\t\t\t\t\t\t\t\tdipl_logo_slider_0_swiper.autoplay.stop();\n\t\t\t\t\t\t\t}\n                        });$(\".dipl_logo_slider_0 .swiper-container\").on(\"mouseleave\", function(e) {\n        \t\t\t\t\tif ( typeof dipl_logo_slider_0_swiper.autoplay.start === \"function\" ) {\n                            \tdipl_logo_slider_0_swiper.autoplay.start();\n                            }\n                        });});<\/script>\n\t\t\t\t<\/div>\n\t\t\t<\/div>Hotel Salta Restobar Restobar La Esquina de Salta es un espacio gastron\u00f3mico de referencia ubicado en uno de los edificios m\u00e1s emblem\u00e1ticos de la ciudad. Nos especializamos en brindar experiencias memorables a trav\u00e9s de nuestra gastronom\u00eda de autor y un servicio personalizado de primer nivel. &nbsp; Nuestros Servicios Confiter\u00eda Abierta al p\u00fablico en general a partir de las 09:00 a.m. hasta las 23:30 p.m. En la carta encontrar\u00e1n variedades de s\u00e1ndwiches fr\u00edos y calientes, grillados simples con guarniciones cl\u00e1sicas, platos regionales, milanesas, empanadas, pizzas y platos elaborados, postres cl\u00e1sicos, y una amplia carta de cafeter\u00eda con panificados dulces y salados caseros. Hotel Salta Restaurante Abierto todos los d\u00edas a partir de las 11:30 a.m. hasta las 15:00 p.m. \u2013 19:00 p.m. hasta las 23:30 p.m. Abierto al p\u00fablico en general. En la carta encontrar\u00e1n una amplia variedad entradas fr\u00edas y calientes, principales y postres de autor. Una carta con los mejores vinos salte\u00f1os y de la regi\u00f3n del cuyo. Todos los d\u00edas un men\u00fa [&hellip;]<\/p>\n","protected":false},"author":2,"featured_media":0,"parent":0,"menu_order":0,"comment_status":"closed","ping_status":"closed","template":"","meta":{"_et_pb_use_builder":"on","_et_pb_old_content":"","_et_gb_content_width":"","footnotes":""},"_links":{"self":[{"href":"https:\/\/hotelsalta.com\/web\/wp-json\/wp\/v2\/pages\/1409"}],"collection":[{"href":"https:\/\/hotelsalta.com\/web\/wp-json\/wp\/v2\/pages"}],"about":[{"href":"https:\/\/hotelsalta.com\/web\/wp-json\/wp\/v2\/types\/page"}],"author":[{"embeddable":true,"href":"https:\/\/hotelsalta.com\/web\/wp-json\/wp\/v2\/users\/2"}],"replies":[{"embeddable":true,"href":"https:\/\/hotelsalta.com\/web\/wp-json\/wp\/v2\/comments?post=1409"}],"version-history":[{"count":23,"href":"https:\/\/hotelsalta.com\/web\/wp-json\/wp\/v2\/pages\/1409\/revisions"}],"predecessor-version":[{"id":1586,"href":"https:\/\/hotelsalta.com\/web\/wp-json\/wp\/v2\/pages\/1409\/revisions\/1586"}],"wp:attachment":[{"href":"https:\/\/hotelsalta.com\/web\/wp-json\/wp\/v2\/media?parent=1409"}],"curies":[{"name":"wp","href":"https:\/\/api.w.org\/{rel}","templated":true}]}}